{"id":2473,"date":"2016-01-11T17:33:22","date_gmt":"2016-01-11T17:33:22","guid":{"rendered":"http:\/\/apartments-matea-baska.com\/de\/?page_id=2473"},"modified":"2024-10-04T05:54:04","modified_gmt":"2024-10-04T05:54:04","slug":"willkommen","status":"publish","type":"page","link":"http:\/\/apartments-matea-baska.com\/de\/","title":{"rendered":"Willkommen"},"content":{"rendered":"<p><div class=\"fusion-fullwidth fullwidth-box fusion-builder-row-1 hundred-percent-fullwidth non-hundred-percent-height-scrolling\" style=\"--awb-background-position:left top;--awb-border-color:#cbaa5c;--awb-border-radius-top-left:0px;--awb-border-radius-top-right:0px;--awb-border-radius-bottom-right:0px;--awb-border-radius-bottom-left:0px;--awb-padding-top:0px;--awb-padding-right:30px;--awb-padding-bottom:0px;--awb-padding-left:30px;--awb-background-color:#cbaa5c;--awb-border-sizes-top:4px;--awb-border-sizes-bottom:4px;--awb-flex-wrap:wrap;\" ><div class=\"fusion-builder-row fusion-row\"><\/div><\/div><div class=\"fusion-fullwidth fullwidth-box fusion-builder-row-2 nonhundred-percent-fullwidth non-hundred-percent-height-scrolling\" style=\"--awb-background-position:left top;--awb-border-radius-top-left:0px;--awb-border-radius-top-right:0px;--awb-border-radius-bottom-right:0px;--awb-border-radius-bottom-left:0px;--awb-padding-top:30px;--awb-padding-bottom:75px;--awb-border-sizes-top:0px;--awb-border-sizes-bottom:0px;--awb-flex-wrap:wrap;\" ><div class=\"fusion-builder-row fusion-row\"><div class=\"fusion-layout-column fusion_builder_column fusion-builder-column-0 fusion_builder_column_1_1 1_1 fusion-one-full fusion-column-first fusion-column-last\" style=\"--awb-bg-size:cover;\"><div class=\"fusion-column-wrapper fusion-flex-column-wrapper-legacy\"><div class=\"fusion-text fusion-text-1\"><p style=\"letter-spacing: 4px; font-size: 13px; margin-bottom: 0px; text-align: left;\">FERIENWOHNUNGEN MATEA<\/p>\n<h1 style=\"text-align: left;\">Willkommen auf der Webseite der Ferienwohnungen Matea<\/h1>\n<\/div><div class=\"fusion-sep-clear\"><\/div><div class=\"fusion-separator fusion-clearfix\" style=\"float:left;margin-top:0px;margin-bottom:20px;width:100%;max-width:50px;\"><div class=\"fusion-separator-border sep-single sep-solid\" style=\"--awb-height:20px;--awb-amount:20px;--awb-sep-color:#cbaa5c;border-color:#cbaa5c;border-top-width:1px;\"><\/div><\/div><div class=\"fusion-sep-clear\"><\/div><div class=\"fusion-text fusion-text-2\"><p>Ferienwohnungen Matea befinden sich in Baska auf dem s\u00fcdlichen Teil der Insel Krk. In einer nat\u00fcrlichen und ruhigen Umgebung, aber nah genug an den Strand und Touristenattraktionen&#8230; Das Haus wurde 2013. gebaut, es verf\u00fcgt \u00fcber eine moderne Einrichtung und ist mit allen Ger\u00e4ten, die f\u00fcr einen komfortablen Aufenthalt ben\u00f6tigt werden ausgestattet.<\/p>\n<\/div><div class=\"fusion-clearfix\"><\/div><\/div><\/div><div class=\"fusion-layout-column fusion_builder_column fusion-builder-column-1 fusion_builder_column_1_5 1_5 fusion-one-fifth fusion-column-first\" style=\"--awb-bg-size:cover;width:16.8%; margin-right: 4%;\"><div class=\"fusion-column-wrapper fusion-flex-column-wrapper-legacy\"><div class=\"fusion-fa-align-center\"><i class=\"fb-icon-element-1 fb-icon-element fontawesome-icon fa fa-bed circle-no\" style=\"--awb-iconcolor:#bc9c50;--awb-iconcolor-hover:#bc9c50;--awb-font-size:50px;\"><\/i><\/div><div class=\"fusion-text fusion-text-3\"><p style=\"text-align: center;\"><strong>FERIENWOHNUNGEN<\/strong><br \/>\nx6<\/p>\n<\/div><div class=\"fusion-clearfix\"><\/div><\/div><\/div><div class=\"fusion-layout-column fusion_builder_column fusion-builder-column-2 fusion_builder_column_1_5 1_5 fusion-one-fifth\" style=\"--awb-bg-size:cover;width:16.8%; margin-right: 4%;\"><div class=\"fusion-column-wrapper fusion-flex-column-wrapper-legacy\"><div class=\"fusion-fa-align-center\"><i class=\"fb-icon-element-2 fb-icon-element fontawesome-icon fa fa-car circle-no\" style=\"--awb-iconcolor:#bc9c50;--awb-iconcolor-hover:#bc9c50;--awb-font-size:50px;\"><\/i><\/div><div class=\"fusion-text fusion-text-4\"><p style=\"text-align: center;\"><strong>PARKING<\/strong><br \/>\nkostenlos<\/p>\n<\/div><div class=\"fusion-clearfix\"><\/div><\/div><\/div><div class=\"fusion-layout-column fusion_builder_column fusion-builder-column-3 fusion_builder_column_1_5 1_5 fusion-one-fifth\" style=\"--awb-bg-size:cover;width:16.8%; margin-right: 4%;\"><div class=\"fusion-column-wrapper fusion-flex-column-wrapper-legacy\"><div class=\"fusion-fa-align-center\"><i class=\"fb-icon-element-3 fb-icon-element fontawesome-icon fa fa-wifi circle-no\" style=\"--awb-iconcolor:#bc9c50;--awb-iconcolor-hover:#bc9c50;--awb-font-size:50px;\"><\/i><\/div><div class=\"fusion-text fusion-text-5\"><p style=\"text-align: center;\"><strong>Wi-Fi<\/strong><br \/>\nkostenlos<\/p>\n<\/div><div class=\"fusion-clearfix\"><\/div><\/div><\/div><div class=\"fusion-layout-column fusion_builder_column fusion-builder-column-4 fusion_builder_column_1_5 1_5 fusion-one-fifth\" style=\"--awb-bg-size:cover;width:16.8%; margin-right: 4%;\"><div class=\"fusion-column-wrapper fusion-flex-column-wrapper-legacy\"><div class=\"fusion-fa-align-center\"><i class=\"fb-icon-element-4 fb-icon-element fontawesome-icon fa fa-desktop circle-no\" style=\"--awb-iconcolor:#bc9c50;--awb-iconcolor-hover:#bc9c50;--awb-font-size:50px;\"><\/i><\/div><div class=\"fusion-text fusion-text-6\"><p style=\"text-align: center;\"><strong>TV<\/strong><br \/>\nLCD TV Sat<\/p>\n<\/div><div class=\"fusion-clearfix\"><\/div><\/div><\/div><div class=\"fusion-layout-column fusion_builder_column fusion-builder-column-5 fusion_builder_column_1_5 1_5 fusion-one-fifth fusion-column-last\" style=\"--awb-bg-size:cover;width:16.8%;\"><div class=\"fusion-column-wrapper fusion-flex-column-wrapper-legacy\"><div class=\"fusion-fa-align-center\"><i class=\"fb-icon-element-5 fb-icon-element fontawesome-icon fa fa-sun-o circle-no\" style=\"--awb-iconcolor:#bc9c50;--awb-iconcolor-hover:#bc9c50;--awb-font-size:50px;\"><\/i><\/div><div class=\"fusion-text fusion-text-7\"><p style=\"text-align: center;\"><strong>Klimaanlage<\/strong><br \/>\nkostenlos<\/p>\n<\/div><div class=\"fusion-clearfix\"><\/div><\/div><\/div><\/div><\/div><div class=\"fusion-fullwidth fullwidth-box fusion-builder-row-3 hundred-percent-fullwidth non-hundred-percent-height-scrolling\" style=\"--awb-border-radius-top-left:0px;--awb-border-radius-top-right:0px;--awb-border-radius-bottom-right:0px;--awb-border-radius-bottom-left:0px;--awb-overflow:visible;--awb-padding-right:30px;--awb-padding-left:30px;--awb-flex-wrap:wrap;\" ><div class=\"fusion-builder-row fusion-row\"><div class=\"fusion-layout-column fusion_builder_column fusion-builder-column-6 fusion_builder_column_1_1 1_1 fusion-one-full fusion-column-first fusion-column-last fusion-column-no-min-height\" style=\"--awb-bg-size:cover;--awb-margin-bottom:0px;\"><div class=\"fusion-column-wrapper fusion-flex-column-wrapper-legacy\"><div class=\"fusion-section-separator section-separator triangle fusion-section-separator-1\" style=\"--awb-border-top:10px solid #bc9c50;--awb-spacer-height:10px;--awb-svg-margin-left:0;--awb-svg-margin-right:0;--awb-icon-color:#bc9c50;--awb-icon-top:-20px;\"><div class=\"fusion-section-separator-svg\"><div class=\"divider-candy-arrow top\" style=\"bottom:10px;border-bottom-color: #bc9c50;\"><\/div><div class=\"divider-candy top\" style=\"top:-30px;border-bottom:1px solid #bc9c50;border-left:1px solid #bc9c50;\"><\/div><\/div><div class=\"fusion-section-separator-spacer\"><div class=\"fusion-section-separator-spacer-height\"><\/div><\/div><\/div><div class=\"fusion-clearfix\"><\/div><\/div><\/div><\/div><\/div><div class=\"fusion-fullwidth fullwidth-box fusion-builder-row-4 fusion-parallax-none nonhundred-percent-fullwidth non-hundred-percent-height-scrolling\" style=\"--awb-background-position:left top;--awb-background-repeat:repeat;--awb-border-radius-top-left:0px;--awb-border-radius-top-right:0px;--awb-border-radius-bottom-right:0px;--awb-border-radius-bottom-left:0px;--awb-padding-top:30px;--awb-padding-bottom:10px;--awb-background-image:url(&quot;http:\/\/apartments-matea-baska.com\/wp-content\/uploads\/2015\/07\/patt-1.png&quot;);--awb-border-sizes-top:0px;--awb-border-sizes-bottom:0px;--awb-flex-wrap:wrap;\" ><div class=\"fusion-builder-row fusion-row\"><div class=\"fusion-layout-column fusion_builder_column fusion-builder-column-7 fusion_builder_column_1_1 1_1 fusion-one-full fusion-column-first fusion-column-last\" style=\"--awb-bg-size:cover;\"><div class=\"fusion-column-wrapper fusion-flex-column-wrapper-legacy\"><div class=\"fusion-text fusion-text-8\"><p style=\"letter-spacing: 4px; font-size: 13px; margin-bottom: 0px; text-align: center;\">UNTERKUNFT<\/p>\n<h1 style=\"text-align: center;\"><span id=\"result_box\" class=\"short_text\" lang=\"hr\"><span class=\"hps\">Ferienwohnungen Matea, Baska<br \/>\n<\/span><\/span><\/h1>\n<\/div><div class=\"fusion-sep-clear\"><\/div><div class=\"fusion-separator\" style=\"margin-left: auto;margin-right: auto;margin-top:0px;margin-bottom:20px;width:100%;max-width:50px;\"><div class=\"fusion-separator-border sep-single sep-solid\" style=\"--awb-height:20px;--awb-amount:20px;--awb-sep-color:#cbaa5c;border-color:#cbaa5c;border-top-width:1px;\"><\/div><\/div><div class=\"fusion-sep-clear\"><\/div><div class=\"fusion-text fusion-text-9\"><p style=\"text-align: center;\">Ihr Urlaub beginnt auf unserer Website! Kontaktieren Sie uns und buchen Sie ein von unserer Ferienwohnungen&#8230;<br \/>\nF\u00fcr den Anfang, Erkunden Sie unsere Ferienwohnungen!<\/p>\n<\/div><div class=\"fusion-aligncenter\"><a class=\"fusion-button button-flat fusion-button-default-size button-default fusion-button-default button-1 fusion-button-default-span \" style=\"--button-border-radius-top-left:0px;--button-border-radius-top-right:0px;--button-border-radius-bottom-right:0px;--button-border-radius-bottom-left:0px;\" target=\"_self\" title=\"ENTDECKEN SIE UNSERE FERIENWOHNUNGEN\" aria-label=\"ENTDECKEN SIE UNSERE FERIENWOHNUNGEN\" href=\"http:\/\/apartments-matea-baska.com\/de\/ferienwohnungen-baska\"><span class=\"fusion-button-text\">ENTDECKEN SIE UNSERE FERIENWOHNUNGEN<\/span><\/a><\/div><div class=\"fusion-clearfix\"><\/div><\/div><\/div><\/div><\/div><\/p>\n","protected":false},"excerpt":{"rendered":"","protected":false},"author":1,"featured_media":0,"parent":0,"menu_order":0,"comment_status":"closed","ping_status":"closed","template":"100-width.php","meta":{"_bbp_topic_count":0,"_bbp_reply_count":0,"_bbp_total_topic_count":0,"_bbp_total_reply_count":0,"_bbp_voice_count":0,"_bbp_anonymous_reply_count":0,"_bbp_topic_count_hidden":0,"_bbp_reply_count_hidden":0,"_bbp_forum_subforum_count":0,"footnotes":""},"class_list":["post-2473","page","type-page","status-publish","hentry"],"yoast_head":"<!-- This site is optimized with the Yoast SEO plugin v23.6 - https:\/\/yoast.com\/wordpress\/plugins\/seo\/ -->\n<title>Ferienwohnungen Matea in Baska, island Krk<\/title>\n<meta name=\"description\" content=\"Ferienwohnungen Matea befinden sich in Baska auf dem s\u00fcdlichen Teil der Insel Krk. Wir bieten Ihnen 6 Moderne Wohnungen an!\" \/>\n<meta name=\"robots\" content=\"index, follow, max-snippet:-1, max-image-preview:large, max-video-preview:-1\" \/>\n<link rel=\"canonical\" href=\"http:\/\/apartments-matea-baska.com\/de\/\" \/>\n<meta property=\"og:locale\" content=\"de_DE\" \/>\n<meta property=\"og:type\" content=\"article\" \/>\n<meta property=\"og:title\" content=\"Ferienwohnungen Matea in Baska, island Krk\" \/>\n<meta property=\"og:description\" content=\"Ferienwohnungen Matea befinden sich in Baska auf dem s\u00fcdlichen Teil der Insel Krk. Wir bieten Ihnen 6 Moderne Wohnungen an!\" \/>\n<meta property=\"og:url\" content=\"http:\/\/apartments-matea-baska.com\/de\/\" \/>\n<meta property=\"og:site_name\" content=\"Apartments Matea Ba\u0161ka\" \/>\n<meta property=\"article:modified_time\" content=\"2024-10-04T05:54:04+00:00\" \/>\n<meta name=\"twitter:card\" content=\"summary_large_image\" \/>\n<meta name=\"twitter:label1\" content=\"Gesch\u00e4tzte Lesezeit\" \/>\n\t<meta name=\"twitter:data1\" content=\"6\u00a0Minuten\" \/>\n<script type=\"application\/ld+json\" class=\"yoast-schema-graph\">{\"@context\":\"https:\/\/schema.org\",\"@graph\":[{\"@type\":\"WebPage\",\"@id\":\"http:\/\/apartments-matea-baska.com\/de\/\",\"url\":\"http:\/\/apartments-matea-baska.com\/de\/\",\"name\":\"Ferienwohnungen Matea in Baska, island Krk\",\"isPartOf\":{\"@id\":\"https:\/\/apartments-matea-baska.com\/#website\"},\"datePublished\":\"2016-01-11T17:33:22+00:00\",\"dateModified\":\"2024-10-04T05:54:04+00:00\",\"description\":\"Ferienwohnungen Matea befinden sich in Baska auf dem s\u00fcdlichen Teil der Insel Krk. Wir bieten Ihnen 6 Moderne Wohnungen an!\",\"breadcrumb\":{\"@id\":\"http:\/\/apartments-matea-baska.com\/de\/#breadcrumb\"},\"inLanguage\":\"de\",\"potentialAction\":[{\"@type\":\"ReadAction\",\"target\":[\"http:\/\/apartments-matea-baska.com\/de\/\"]}]},{\"@type\":\"BreadcrumbList\",\"@id\":\"http:\/\/apartments-matea-baska.com\/de\/#breadcrumb\",\"itemListElement\":[{\"@type\":\"ListItem\",\"position\":1,\"name\":\"Home\",\"item\":\"http:\/\/apartments-matea-baska.com\/de\/\"},{\"@type\":\"ListItem\",\"position\":2,\"name\":\"Willkommen\"}]},{\"@type\":\"WebSite\",\"@id\":\"https:\/\/apartments-matea-baska.com\/#website\",\"url\":\"https:\/\/apartments-matea-baska.com\/\",\"name\":\"Apartments Matea Ba\u0161ka\",\"description\":\"Just another WordPress site\",\"potentialAction\":[{\"@type\":\"SearchAction\",\"target\":{\"@type\":\"EntryPoint\",\"urlTemplate\":\"https:\/\/apartments-matea-baska.com\/?s={search_term_string}\"},\"query-input\":{\"@type\":\"PropertyValueSpecification\",\"valueRequired\":true,\"valueName\":\"search_term_string\"}}],\"inLanguage\":\"de\"}]}<\/script>\n<!-- \/ Yoast SEO plugin. -->","yoast_head_json":{"title":"Ferienwohnungen Matea in Baska, island Krk","description":"Ferienwohnungen Matea befinden sich in Baska auf dem s\u00fcdlichen Teil der Insel Krk. Wir bieten Ihnen 6 Moderne Wohnungen an!","robots":{"index":"index","follow":"follow","max-snippet":"max-snippet:-1","max-image-preview":"max-image-preview:large","max-video-preview":"max-video-preview:-1"},"canonical":"http:\/\/apartments-matea-baska.com\/de\/","og_locale":"de_DE","og_type":"article","og_title":"Ferienwohnungen Matea in Baska, island Krk","og_description":"Ferienwohnungen Matea befinden sich in Baska auf dem s\u00fcdlichen Teil der Insel Krk. Wir bieten Ihnen 6 Moderne Wohnungen an!","og_url":"http:\/\/apartments-matea-baska.com\/de\/","og_site_name":"Apartments Matea Ba\u0161ka","article_modified_time":"2024-10-04T05:54:04+00:00","twitter_card":"summary_large_image","twitter_misc":{"Gesch\u00e4tzte Lesezeit":"6\u00a0Minuten"},"schema":{"@context":"https:\/\/schema.org","@graph":[{"@type":"WebPage","@id":"http:\/\/apartments-matea-baska.com\/de\/","url":"http:\/\/apartments-matea-baska.com\/de\/","name":"Ferienwohnungen Matea in Baska, island Krk","isPartOf":{"@id":"https:\/\/apartments-matea-baska.com\/#website"},"datePublished":"2016-01-11T17:33:22+00:00","dateModified":"2024-10-04T05:54:04+00:00","description":"Ferienwohnungen Matea befinden sich in Baska auf dem s\u00fcdlichen Teil der Insel Krk. Wir bieten Ihnen 6 Moderne Wohnungen an!","breadcrumb":{"@id":"http:\/\/apartments-matea-baska.com\/de\/#breadcrumb"},"inLanguage":"de","potentialAction":[{"@type":"ReadAction","target":["http:\/\/apartments-matea-baska.com\/de\/"]}]},{"@type":"BreadcrumbList","@id":"http:\/\/apartments-matea-baska.com\/de\/#breadcrumb","itemListElement":[{"@type":"ListItem","position":1,"name":"Home","item":"http:\/\/apartments-matea-baska.com\/de\/"},{"@type":"ListItem","position":2,"name":"Willkommen"}]},{"@type":"WebSite","@id":"https:\/\/apartments-matea-baska.com\/#website","url":"https:\/\/apartments-matea-baska.com\/","name":"Apartments Matea Ba\u0161ka","description":"Just another WordPress site","potentialAction":[{"@type":"SearchAction","target":{"@type":"EntryPoint","urlTemplate":"https:\/\/apartments-matea-baska.com\/?s={search_term_string}"},"query-input":{"@type":"PropertyValueSpecification","valueRequired":true,"valueName":"search_term_string"}}],"inLanguage":"de"}]}},"_links":{"self":[{"href":"http:\/\/apartments-matea-baska.com\/de\/wp-json\/wp\/v2\/pages\/2473"}],"collection":[{"href":"http:\/\/apartments-matea-baska.com\/de\/wp-json\/wp\/v2\/pages"}],"about":[{"href":"http:\/\/apartments-matea-baska.com\/de\/wp-json\/wp\/v2\/types\/page"}],"author":[{"embeddable":true,"href":"http:\/\/apartments-matea-baska.com\/de\/wp-json\/wp\/v2\/users\/1"}],"replies":[{"embeddable":true,"href":"http:\/\/apartments-matea-baska.com\/de\/wp-json\/wp\/v2\/comments?post=2473"}],"version-history":[{"count":5,"href":"http:\/\/apartments-matea-baska.com\/de\/wp-json\/wp\/v2\/pages\/2473\/revisions"}],"predecessor-version":[{"id":7574,"href":"http:\/\/apartments-matea-baska.com\/de\/wp-json\/wp\/v2\/pages\/2473\/revisions\/7574"}],"wp:attachment":[{"href":"http:\/\/apartments-matea-baska.com\/de\/wp-json\/wp\/v2\/media?parent=2473"}],"curies":[{"name":"wp","href":"https:\/\/api.w.org\/{rel}","templated":true}]}}